{"id":32062,"date":"2025-12-15T02:10:58","date_gmt":"2025-12-14T18:10:58","guid":{"rendered":"https:\/\/mountdimension.com\/?post_type=product&#038;p=32062"},"modified":"2026-03-17T13:33:24","modified_gmt":"2026-03-17T05:33:24","slug":"packup-outdoor-x-stay-works-%e4%be%86%e8%b2%a1-lt-01%ef%bd%9cdharma-38-lamp-x-tumbler-base-limited-edition","status":"publish","type":"product","link":"https:\/\/mountdimension.com\/tc\/product\/packup-outdoor-x-stay-works-%e4%be%86%e8%b2%a1-lt-01%ef%bd%9cdharma-38-lamp-x-tumbler-base-limited-edition\/","title":{"rendered":"Packup Outdoor X STAY WORKS \u4f86\u8ca1 LT-01\uff5c\u9054\u646938\u71c8 \u00d7 \u4e0d\u5012\u7fc1\u5e95\u5ea7 \u9650\u5b9a\u7248"},"content":{"rendered":"","protected":false},"excerpt":{"rendered":"<p data-start=\"171\" data-end=\"326\">Packup Outdoor \u8207 STAY WORKS \u4e00\u76f4\u559c\u6b61\u5728\u751f\u6d3b\u4e2d\u5c0b\u627e\u66f4\u6709\u8da3\u7684\u9ede\u5b50\u3002\u4eca\u5e74\uff0c\u8b93\u5149\u8207\u8ca1\u904b\u4e00\u8d77\u300c\u6416\u66f3\u300d\u8d77\u4f86\u3002<\/p>\n<p data-start=\"328\" data-end=\"669\"><strong data-start=\"328\" data-end=\"341\">\u300c\u4f86\u8ca1\u300d<\/strong> \uff0c\u662f\u4e00\u76de\u80fd\u5920\u6416\u52d5\u7684\u5149\uff0c\u4e5f\u662f\u751f\u6d3b\u88e1\u5e36\u4f86\u597d\u904b\u7684\u5c0f\u7269\u3002\u6b64\u6b3e\u70ba 38 \u71c8\u642d\u914d\u5c08\u5c6c\u8a2d\u8a08\u7684\u4e0d\u5012\u7fc1\u5e95\u5ea7\uff0c\u900f\u904e\u5e95\u90e8\u914d\u91cd\u7d50\u69cb\uff0c\u8b93\u71c8\u9ad4\u5728\u7a7a\u9593\u4e2d\u81ea\u7531\u6416\u52d5\uff0c\u5149\u5f71\u96a8\u4e4b\u64fa\u76ea\uff0c\u5982\u540c\u8ca1\u6c23\u5728\u8eab\u908a\u6d41\u52d5\u3002<\/p>\n<p data-start=\"671\" data-end=\"1033\">\u672c\u6b21\u7531 Packup Outdoor \u806f\u624b STAY WORKS \u8207 38explore \u63a8\u51fa\u806f\u540d\u9650\u5b9a\u6b3e <strong data-start=\"763\" data-end=\"782\">\u9054\u6469 38 \u71c8\u3002<\/strong>\u7d05\u8272\u9054\u6469\u8c61\u5fb5\u6bc5\u529b\u8207\u5805\u6301\uff0c\u5e95\u5ea7\u523b\u6709 <strong data-start=\"874\" data-end=\"904\">\u300cSTAY LUCKY \/ STAY HAPPY\u300d \u5b57\u6a23\uff0c<\/strong> \u8b93\u6bcf\u4e00\u6b21\u9ede\u4eae\uff0c\u90fd\u50cf\u662f\u4e00\u5834\u5c0f\u5c0f\u7684\u7948\u9858\uff0c\u70ba\u65e5\u5e38\u589e\u6dfb\u4e00\u4efd\u5e78\u904b\u3002<\/p>\n<p data-start=\"1035\" data-end=\"1490\"><strong data-start=\"1035\" data-end=\"1048\">\u300c\u4f86\u8ca1\u300d<\/strong> \u662f\u751f\u6d3b\u4e2d\u6703\u6efe\u52d5\u3001\u6703\u6416\u52d5\u7684\u5e78\u904b\u958b\u95dc\u3002\u96a8\u8457\u5149\u7684\u6416\u66f3\u9583\u720d\uff0c\u798f\u6c23\u5728\u52d5\uff0c\u9322\u6c23\u4e5f\u8ddf\u8457\u751f\u52d5\u5730\u6efe\u52d5\u8d77\u4f86\u3002\u8a2d\u8a08\u4e2d\u7279\u5225\u878d\u5165\u5713\u6eff\u5bcc\u8db3\u7684\u5bd3\u610f\u2014\u2014\u65e5\u6587\u4e2d\u7684 <strong data-start=\"1289\" data-end=\"1299\">\u5186 (\u3048\u3093)<\/strong> \u4ee3\u8868\u5713\u878d\uff0c\u800c\u4e0d\u5012\u7fc1\u5e95\u5ea7\u7684\u6982\u5ff5\uff0c\u4e5f\u547c\u61c9 <strong data-start=\"1398\" data-end=\"1410\">\u4e94\u5186 (\u3054\u3048\u3093)<\/strong> \u8207 <strong data-start=\"1415\" data-end=\"1427\">\u5fa1\u7e01 (\u3054\u3048\u3093)<\/strong>\u7684\u8ae7\u97f3\uff0c\u8c61\u5fb5\u8ca1\u5bcc\u8207\u826f\u7de3\u7684\u795d\u798f\u3002<\/p>\n<p data-start=\"1492\" data-end=\"1611\">\u5e95\u5ea7\u8a2d\u6709\u7368\u7279\u7684\u62db\u8ca1\u7948\u798f\u6536\u7d0d\u7a7a\u9593\u3002\u5c07\u78c1\u5438\u4e0a\u84cb\u8f15\u8f15\u62ff\u8d77\uff0c\u60a8\u53ef\u4ee5\u9078\u64c7\u7f6e\u653e\uff1a<\/p>\n<ul data-start=\"1613\" data-end=\"1836\">\n<li data-start=\"1613\" data-end=\"1751\">\n<p data-start=\"1615\" data-end=\"1751\"><strong data-start=\"1615\" data-end=\"1659\">\u5168\u65b0\u7684\u4e94\u5143\u65e5\u5e63\uff1a<\/strong> \u8c61\u5fb5\u8ca1\u5bcc\u7684\u5713\u6eff\u805a\u7a4d\uff0c\u555f\u52d5\u91d1\u9322\u4e0d\u65b7\u56de\u4f86\u7684\u5bcc\u8db3\u5faa\u74b0\u3002<\/p>\n<\/li>\n<li data-start=\"1752\" data-end=\"1836\">\n<p data-start=\"1754\" data-end=\"1836\"><strong data-start=\"1754\" data-end=\"1767\">\u62db\u8ca1\u532f\u805a\u80fd\u91cf\u7684\u7d2b\u6c34\u6676\uff1a<\/strong> \u5f37\u5316\u6574\u9ad4\u78c1\u5834\u3002<\/p>\n<\/li>\n<\/ul>\n<p data-start=\"1838\" data-end=\"1983\"><em data-start=\"1838\" data-end=\"1983\">\u300e\u9019\u7d55\u5c0d\u662f\u4eca\u5e74\u6700\u5408\u9069\u7684\u8cc0\u5e74\u79ae\u7269\uff0c\u51e1\u662f\u8cfc\u8cb7\u8005\u5373\u53ef\u7372\u5f97\u62db\u8ca1\u9b54\u6cd5\u795d\u798f\uff01\u8ca1\u904b\u6efe\u6efe\u4f86\uff01\u300f<\/em><\/p>\n<hr data-start=\"1985\" data-end=\"1988\" \/>\n<h3 data-start=\"1990\" data-end=\"2008\"><\/h3>\n<h3 data-start=\"1990\" data-end=\"2008\"><\/h3>\n<h3 data-start=\"1990\" data-end=\"2008\"><\/h3>\n<h3 data-start=\"1990\" data-end=\"2008\">\u7522\u54c1\u898f\u683c\uff1a<\/h3>\n<p>&nbsp;<\/p>\n<ul data-start=\"2009\" data-end=\"2146\">\n<li data-start=\"2009\" data-end=\"2089\">\n<p data-start=\"2011\" data-end=\"2089\"><strong data-start=\"2011\" data-end=\"2024\">\u9078\u6750\uff1a<\/strong> \u92c1\u5408\u967d\u6975\u9ed1 \/ \u78b3\u92fc\u7c89\u9ad4\u9ed1<\/p>\n<\/li>\n<li data-start=\"2090\" data-end=\"2116\">\n<p data-start=\"2092\" data-end=\"2116\"><strong data-start=\"2092\" data-end=\"2108\">\u5e95\u5ea7\u91cd\u91cf\uff1a<\/strong> 610 g<\/p>\n<\/li>\n<li data-start=\"2117\" data-end=\"2146\">\n<p data-start=\"2119\" data-end=\"2146\"><strong data-start=\"2119\" data-end=\"2128\">\u5c3a\u5bf8\uff1a<\/strong> \u00d8 76 mm \u00d7 H 52 mm<\/p>\n<\/li>\n<\/ul>\n<p>&nbsp;<\/p>\n<h3 data-start=\"2148\" data-end=\"2168\">\u7522\u54c1\u5167\u5bb9 :<\/h3>\n<p>&nbsp;<\/p>\n<ul data-start=\"2169\" data-end=\"2307\">\n<li data-start=\"2169\" data-end=\"2215\">\n<p data-start=\"2171\" data-end=\"2215\"><strong data-start=\"2171\" data-end=\"2210\">\u4f86\u8ca1 LT-01\u9054\u6469\u4e0d\u5012\u7fc1\u5e95\u5ea7*1<\/strong> \u00d71<\/p>\n<\/li>\n<li data-start=\"2216\" data-end=\"2284\">\n<p data-start=\"2218\" data-end=\"2284\"><strong data-start=\"2218\" data-end=\"2279\">\u9054\u6469 Packup Outdoor X STAY WORKS X 38\u71c8*1<\/strong> \u00d71<\/p>\n<\/li>\n<li data-start=\"2285\" data-end=\"2307\">\n<p data-start=\"2287\" data-end=\"2307\"><strong data-start=\"2287\" data-end=\"2304\">\u7522\u54c1\u6536\u7d0d\u888b*1<\/strong> \u00d71<\/p>\n<\/li>\n<\/ul>\n<p>&nbsp;<\/p>","protected":false},"featured_media":32072,"template":"","meta":{"site-sidebar-layout":"default","site-content-layout":"","ast-site-content-layout":"default","site-content-style":"default","site-sidebar-style":"default","ast-global-header-display":"","ast-banner-title-visibility":"","ast-main-header-display":"","ast-hfb-above-header-display":"","ast-hfb-below-header-display":"","ast-hfb-mobile-header-display":"","site-post-title":"","ast-breadcrumbs-content":"","ast-featured-img":"","footer-sml-layout":"","ast-disable-related-posts":"","theme-transparent-header-meta":"default","adv-header-id-meta":"","stick-header-meta":"","header-above-stick-meta":"","header-main-stick-meta":"","header-below-stick-meta":"","astra-migrate-meta-layouts":"set","ast-page-background-enabled":"default","ast-page-background-meta":{"desktop":{"background-color":"","background-image":"","background-repeat":"repeat","background-position":"center center","background-size":"auto","background-attachment":"scroll","background-type":"","background-media":"","overlay-type":"","overlay-color":"","overlay-opacity":"","overlay-gradient":""},"tablet":{"background-color":"","background-image":"","background-repeat":"repeat","background-position":"center center","background-size":"auto","background-attachment":"scroll","background-type":"","background-media":"","overlay-type":"","overlay-color":"","overlay-opacity":"","overlay-gradient":""},"mobile":{"background-color":"","background-image":"","background-repeat":"repeat","background-position":"center center","background-size":"auto","background-attachment":"scroll","background-type":"","background-media":"","overlay-type":"","overlay-color":"","overlay-opacity":"","overlay-gradient":""}},"ast-content-background-meta":{"desktop":{"background-color":"var(--ast-global-color-5)","background-image":"","background-repeat":"repeat","background-position":"center center","background-size":"auto","background-attachment":"scroll","background-type":"","background-media":"","overlay-type":"","overlay-color":"","overlay-opacity":"","overlay-gradient":""},"tablet":{"background-color":"var(--ast-global-color-5)","background-image":"","background-repeat":"repeat","background-position":"center center","background-size":"auto","background-attachment":"scroll","background-type":"","background-media":"","overlay-type":"","overlay-color":"","overlay-opacity":"","overlay-gradient":""},"mobile":{"background-color":"var(--ast-global-color-5)","background-image":"","background-repeat":"repeat","background-position":"center center","background-size":"auto","background-attachment":"scroll","background-type":"","background-media":"","overlay-type":"","overlay-color":"","overlay-opacity":"","overlay-gradient":""}}},"product_brand":[],"product_cat":[28,54,154],"product_tag":[],"class_list":{"0":"post-32062","1":"product","2":"type-product","3":"status-publish","4":"has-post-thumbnail","6":"product_cat-accessories","7":"product_cat-all","8":"product_cat-special-product","9":"desktop-align-left","10":"tablet-align-left","11":"mobile-align-left","13":"first","14":"outofstock","15":"sold-individually","16":"taxable","17":"shipping-taxable","18":"purchasable","19":"product-type-simple","20":"wpzoom-wc-spi-has-enabled"},"bundled_by":[],"bundle_stock_status":"outofstock","bundle_stock_quantity":0,"bundle_virtual":false,"bundle_layout":"","bundle_add_to_cart_form_location":"","bundle_editable_in_cart":false,"bundle_sold_individually_context":"","bundle_item_grouping":"","bundle_min_size":"","bundle_max_size":"","bundle_price":[],"bundled_items":[],"bundle_sell_ids":[],"yoast_head":"<!-- This site is optimized with the Yoast SEO plugin v26.4 - https:\/\/yoast.com\/wordpress\/plugins\/seo\/ -->\n<title>Packup Outdoor X STAY WORKS \u4f86\u8ca1 LT-01\uff5cDharma 38 Lamp \u00d7 Tumbler Base Limited Edition - MOUNT DIMENSION<\/title>\n<meta name=\"robots\" content=\"index, follow, max-snippet:-1, max-image-preview:large, max-video-preview:-1\" \/>\n<link rel=\"canonical\" href=\"https:\/\/mountdimension.com\/tc\/product\/packup-outdoor-x-stay-works-\u4f86\u8ca1-lt-01\uff5cdharma-38-lamp-x-tumbler-base-limited-edition\/\" \/>\n<meta property=\"og:locale\" content=\"zh_HK\" \/>\n<meta property=\"og:type\" content=\"article\" \/>\n<meta property=\"og:title\" content=\"Packup Outdoor X STAY WORKS \u4f86\u8ca1 LT-01\uff5cDharma 38 Lamp \u00d7 Tumbler Base Limited Edition - MOUNT DIMENSION\" \/>\n<meta property=\"og:description\" content=\"Packup Outdoor and STAY WORKS have always enjoyed discovering more interesting ideas in everyday life. This year, let light and good fortune sway together. \u201cLai Cai\u201d is a gently rocking light\u2014and a small object designed to invite luck into daily living. Created specifically for the 38 Light, it features a dedicated roly-poly base with a weighted structure that allows the lamp to move freely in space. As it sways, light and shadow shift naturally, echoing the flow of prosperity around you. This limited collaboration brings together Packup Outdoor, STAY WORKS, and 38explore in the Daruma 38 Light. The red Daruma symbolizes perseverance and determination, while the base is engraved with \u201cSTAY LUCKY \/ STAY HAPPY.\u201d Each time the light is turned on, it feels like a quiet moment of wishing\u2014adding a sense of warmth and fortune to everyday life. \u201cLai Cai\u201d acts as a living switch of good fortune\u2014rolling, swaying, and always returning upright. As the light moves, blessings are set in motion and prosperity feels alive. The design incorporates symbols of completeness and abundance: in Japanese, \u5186 (\u3048\u3093) represents wholeness and harmony. The roly-poly base further references the homophonic meaning of \u4e94\u5186 (\u3054\u3048\u3093) and \u5fa1\u7e01 (\u3054\u3048\u3093), expressing wishes for both wealth and meaningful connections. The base also features a concealed space for fortune-keeping. By gently lifting the magnetic lid, you may place inside:     A brand-new Japanese five-yen coin (\u4e94\u5186): symbolizing the gathering of wealth and the beginning of a continuous cycle of abundance.    Amethyst: believed to concentrate positive energy and enhance overall balance.   This is one of the most fitting New Year gifts of the season. Each purchase carries a blessing for prosperity\u2014may good fortune keep rolling in.        Specifications &nbsp;    Material: Anodized aluminum (black) \/ Powder-coated carbon steel (black)    Base weight: 610 g    Size: \u00d8 76 mm \u00d7 H 52 mm   &nbsp; Package Contents &nbsp;    Lai Cai LT-01 Daruma Roly-Poly Base \u00d71    Daruma 38 Light (Packup Outdoor \u00d7 STAY WORKS \u00d7 38explore) \u00d71    Storage pouch \u00d71   &nbsp;\" \/>\n<meta property=\"og:url\" content=\"https:\/\/mountdimension.com\/tc\/product\/packup-outdoor-x-stay-works-\u4f86\u8ca1-lt-01\uff5cdharma-38-lamp-x-tumbler-base-limited-edition\/\" \/>\n<meta property=\"og:site_name\" content=\"MOUNT DIMENSION\" \/>\n<meta property=\"article:publisher\" content=\"https:\/\/www.facebook.com\/Mount-Dimension-101610585417414\" \/>\n<meta property=\"article:modified_time\" content=\"2026-03-17T05:33:24+00:00\" \/>\n<meta property=\"og:image\" content=\"https:\/\/mountdimension.com\/wp-content\/uploads\/2025\/12\/DSC8243-663x1024.jpg\" \/>\n\t<meta property=\"og:image:width\" content=\"663\" \/>\n\t<meta property=\"og:image:height\" content=\"1024\" \/>\n\t<meta property=\"og:image:type\" content=\"image\/jpeg\" \/>\n<meta name=\"twitter:card\" content=\"summary_large_image\" \/>\n<meta name=\"twitter:label1\" content=\"\u9810\u8a08\u95b1\u8b80\u6642\u9593\" \/>\n\t<meta name=\"twitter:data1\" content=\"1 \u5206\u9418\" \/>\n<script type=\"application\/ld+json\" class=\"yoast-schema-graph\">{\"@context\":\"https:\/\/schema.org\",\"@graph\":[{\"@type\":\"WebPage\",\"@id\":\"https:\/\/mountdimension.com\/product\/packup-outdoor-x-stay-works-%e4%be%86%e8%b2%a1-lt-01%ef%bd%9cdharma-38-lamp-x-tumbler-base-limited-edition\/\",\"url\":\"https:\/\/mountdimension.com\/product\/packup-outdoor-x-stay-works-%e4%be%86%e8%b2%a1-lt-01%ef%bd%9cdharma-38-lamp-x-tumbler-base-limited-edition\/\",\"name\":\"Packup Outdoor X STAY WORKS \u4f86\u8ca1 LT-01\uff5cDharma 38 Lamp \u00d7 Tumbler Base Limited Edition - MOUNT DIMENSION\",\"isPartOf\":{\"@id\":\"https:\/\/mountdimension.com\/#website\"},\"primaryImageOfPage\":{\"@id\":\"https:\/\/mountdimension.com\/product\/packup-outdoor-x-stay-works-%e4%be%86%e8%b2%a1-lt-01%ef%bd%9cdharma-38-lamp-x-tumbler-base-limited-edition\/#primaryimage\"},\"image\":{\"@id\":\"https:\/\/mountdimension.com\/product\/packup-outdoor-x-stay-works-%e4%be%86%e8%b2%a1-lt-01%ef%bd%9cdharma-38-lamp-x-tumbler-base-limited-edition\/#primaryimage\"},\"thumbnailUrl\":\"https:\/\/mountdimension.com\/wp-content\/uploads\/2025\/12\/DSC8243.jpg\",\"datePublished\":\"2025-12-14T18:10:58+00:00\",\"dateModified\":\"2026-03-17T05:33:24+00:00\",\"breadcrumb\":{\"@id\":\"https:\/\/mountdimension.com\/product\/packup-outdoor-x-stay-works-%e4%be%86%e8%b2%a1-lt-01%ef%bd%9cdharma-38-lamp-x-tumbler-base-limited-edition\/#breadcrumb\"},\"inLanguage\":\"zh-HK\",\"potentialAction\":[{\"@type\":\"ReadAction\",\"target\":[\"https:\/\/mountdimension.com\/product\/packup-outdoor-x-stay-works-%e4%be%86%e8%b2%a1-lt-01%ef%bd%9cdharma-38-lamp-x-tumbler-base-limited-edition\/\"]}]},{\"@type\":\"ImageObject\",\"inLanguage\":\"zh-HK\",\"@id\":\"https:\/\/mountdimension.com\/product\/packup-outdoor-x-stay-works-%e4%be%86%e8%b2%a1-lt-01%ef%bd%9cdharma-38-lamp-x-tumbler-base-limited-edition\/#primaryimage\",\"url\":\"https:\/\/mountdimension.com\/wp-content\/uploads\/2025\/12\/DSC8243.jpg\",\"contentUrl\":\"https:\/\/mountdimension.com\/wp-content\/uploads\/2025\/12\/DSC8243.jpg\",\"width\":3477,\"height\":5373},{\"@type\":\"BreadcrumbList\",\"@id\":\"https:\/\/mountdimension.com\/product\/packup-outdoor-x-stay-works-%e4%be%86%e8%b2%a1-lt-01%ef%bd%9cdharma-38-lamp-x-tumbler-base-limited-edition\/#breadcrumb\",\"itemListElement\":[{\"@type\":\"ListItem\",\"position\":1,\"name\":\"Home\",\"item\":\"https:\/\/mountdimension.com\/\"},{\"@type\":\"ListItem\",\"position\":2,\"name\":\"Shop\",\"item\":\"https:\/\/mountdimension.com\/shop\/\"},{\"@type\":\"ListItem\",\"position\":3,\"name\":\"Packup Outdoor X STAY WORKS \u4f86\u8ca1 LT-01\uff5cDharma 38 Lamp \u00d7 Tumbler Base Limited Edition\"}]},{\"@type\":\"WebSite\",\"@id\":\"https:\/\/mountdimension.com\/#website\",\"url\":\"https:\/\/mountdimension.com\/\",\"name\":\"MOUNT DIMENSION\",\"description\":\"\/ EXPLORE WITH NEW DIMENSIONS \/\",\"publisher\":{\"@id\":\"https:\/\/mountdimension.com\/#organization\"},\"potentialAction\":[{\"@type\":\"SearchAction\",\"target\":{\"@type\":\"EntryPoint\",\"urlTemplate\":\"https:\/\/mountdimension.com\/?s={search_term_string}\"},\"query-input\":{\"@type\":\"PropertyValueSpecification\",\"valueRequired\":true,\"valueName\":\"search_term_string\"}}],\"inLanguage\":\"zh-HK\"},{\"@type\":\"Organization\",\"@id\":\"https:\/\/mountdimension.com\/#organization\",\"name\":\"Mount Dimension\",\"url\":\"https:\/\/mountdimension.com\/\",\"logo\":{\"@type\":\"ImageObject\",\"inLanguage\":\"zh-HK\",\"@id\":\"https:\/\/mountdimension.com\/#\/schema\/logo\/image\/\",\"url\":\"https:\/\/mountdimension.com\/wp-content\/uploads\/2022\/06\/Mt-dimension-Logo_final-02-e1655327521195.jpg\",\"contentUrl\":\"https:\/\/mountdimension.com\/wp-content\/uploads\/2022\/06\/Mt-dimension-Logo_final-02-e1655327521195.jpg\",\"width\":200,\"height\":151,\"caption\":\"Mount Dimension\"},\"image\":{\"@id\":\"https:\/\/mountdimension.com\/#\/schema\/logo\/image\/\"},\"sameAs\":[\"https:\/\/www.facebook.com\/Mount-Dimension-101610585417414\",\"https:\/\/www.instagram.com\/mt.dimension\/\"]}]}<\/script>\n<!-- \/ Yoast SEO plugin. -->","yoast_head_json":{"title":"Packup Outdoor X STAY WORKS \u4f86\u8ca1 LT-01\uff5cDharma 38 Lamp \u00d7 Tumbler Base Limited Edition - MOUNT DIMENSION","robots":{"index":"index","follow":"follow","max-snippet":"max-snippet:-1","max-image-preview":"max-image-preview:large","max-video-preview":"max-video-preview:-1"},"canonical":"https:\/\/mountdimension.com\/tc\/product\/packup-outdoor-x-stay-works-\u4f86\u8ca1-lt-01\uff5cdharma-38-lamp-x-tumbler-base-limited-edition\/","og_locale":"zh_HK","og_type":"article","og_title":"Packup Outdoor X STAY WORKS \u4f86\u8ca1 LT-01\uff5cDharma 38 Lamp \u00d7 Tumbler Base Limited Edition - MOUNT DIMENSION","og_description":"Packup Outdoor and STAY WORKS have always enjoyed discovering more interesting ideas in everyday life. This year, let light and good fortune sway together. \u201cLai Cai\u201d is a gently rocking light\u2014and a small object designed to invite luck into daily living. Created specifically for the 38 Light, it features a dedicated roly-poly base with a weighted structure that allows the lamp to move freely in space. As it sways, light and shadow shift naturally, echoing the flow of prosperity around you. This limited collaboration brings together Packup Outdoor, STAY WORKS, and 38explore in the Daruma 38 Light. The red Daruma symbolizes perseverance and determination, while the base is engraved with \u201cSTAY LUCKY \/ STAY HAPPY.\u201d Each time the light is turned on, it feels like a quiet moment of wishing\u2014adding a sense of warmth and fortune to everyday life. \u201cLai Cai\u201d acts as a living switch of good fortune\u2014rolling, swaying, and always returning upright. As the light moves, blessings are set in motion and prosperity feels alive. The design incorporates symbols of completeness and abundance: in Japanese, \u5186 (\u3048\u3093) represents wholeness and harmony. The roly-poly base further references the homophonic meaning of \u4e94\u5186 (\u3054\u3048\u3093) and \u5fa1\u7e01 (\u3054\u3048\u3093), expressing wishes for both wealth and meaningful connections. The base also features a concealed space for fortune-keeping. By gently lifting the magnetic lid, you may place inside:     A brand-new Japanese five-yen coin (\u4e94\u5186): symbolizing the gathering of wealth and the beginning of a continuous cycle of abundance.    Amethyst: believed to concentrate positive energy and enhance overall balance.   This is one of the most fitting New Year gifts of the season. Each purchase carries a blessing for prosperity\u2014may good fortune keep rolling in.        Specifications &nbsp;    Material: Anodized aluminum (black) \/ Powder-coated carbon steel (black)    Base weight: 610 g    Size: \u00d8 76 mm \u00d7 H 52 mm   &nbsp; Package Contents &nbsp;    Lai Cai LT-01 Daruma Roly-Poly Base \u00d71    Daruma 38 Light (Packup Outdoor \u00d7 STAY WORKS \u00d7 38explore) \u00d71    Storage pouch \u00d71   &nbsp;","og_url":"https:\/\/mountdimension.com\/tc\/product\/packup-outdoor-x-stay-works-\u4f86\u8ca1-lt-01\uff5cdharma-38-lamp-x-tumbler-base-limited-edition\/","og_site_name":"MOUNT DIMENSION","article_publisher":"https:\/\/www.facebook.com\/Mount-Dimension-101610585417414","article_modified_time":"2026-03-17T05:33:24+00:00","og_image":[{"width":663,"height":1024,"url":"https:\/\/mountdimension.com\/wp-content\/uploads\/2025\/12\/DSC8243-663x1024.jpg","type":"image\/jpeg"}],"twitter_card":"summary_large_image","twitter_misc":{"\u9810\u8a08\u95b1\u8b80\u6642\u9593":"1 \u5206\u9418"},"schema":{"@context":"https:\/\/schema.org","@graph":[{"@type":"WebPage","@id":"https:\/\/mountdimension.com\/product\/packup-outdoor-x-stay-works-%e4%be%86%e8%b2%a1-lt-01%ef%bd%9cdharma-38-lamp-x-tumbler-base-limited-edition\/","url":"https:\/\/mountdimension.com\/product\/packup-outdoor-x-stay-works-%e4%be%86%e8%b2%a1-lt-01%ef%bd%9cdharma-38-lamp-x-tumbler-base-limited-edition\/","name":"Packup Outdoor X STAY WORKS \u4f86\u8ca1 LT-01\uff5cDharma 38 Lamp \u00d7 Tumbler Base Limited Edition - MOUNT DIMENSION","isPartOf":{"@id":"https:\/\/mountdimension.com\/#website"},"primaryImageOfPage":{"@id":"https:\/\/mountdimension.com\/product\/packup-outdoor-x-stay-works-%e4%be%86%e8%b2%a1-lt-01%ef%bd%9cdharma-38-lamp-x-tumbler-base-limited-edition\/#primaryimage"},"image":{"@id":"https:\/\/mountdimension.com\/product\/packup-outdoor-x-stay-works-%e4%be%86%e8%b2%a1-lt-01%ef%bd%9cdharma-38-lamp-x-tumbler-base-limited-edition\/#primaryimage"},"thumbnailUrl":"https:\/\/mountdimension.com\/wp-content\/uploads\/2025\/12\/DSC8243.jpg","datePublished":"2025-12-14T18:10:58+00:00","dateModified":"2026-03-17T05:33:24+00:00","breadcrumb":{"@id":"https:\/\/mountdimension.com\/product\/packup-outdoor-x-stay-works-%e4%be%86%e8%b2%a1-lt-01%ef%bd%9cdharma-38-lamp-x-tumbler-base-limited-edition\/#breadcrumb"},"inLanguage":"zh-HK","potentialAction":[{"@type":"ReadAction","target":["https:\/\/mountdimension.com\/product\/packup-outdoor-x-stay-works-%e4%be%86%e8%b2%a1-lt-01%ef%bd%9cdharma-38-lamp-x-tumbler-base-limited-edition\/"]}]},{"@type":"ImageObject","inLanguage":"zh-HK","@id":"https:\/\/mountdimension.com\/product\/packup-outdoor-x-stay-works-%e4%be%86%e8%b2%a1-lt-01%ef%bd%9cdharma-38-lamp-x-tumbler-base-limited-edition\/#primaryimage","url":"https:\/\/mountdimension.com\/wp-content\/uploads\/2025\/12\/DSC8243.jpg","contentUrl":"https:\/\/mountdimension.com\/wp-content\/uploads\/2025\/12\/DSC8243.jpg","width":3477,"height":5373},{"@type":"BreadcrumbList","@id":"https:\/\/mountdimension.com\/product\/packup-outdoor-x-stay-works-%e4%be%86%e8%b2%a1-lt-01%ef%bd%9cdharma-38-lamp-x-tumbler-base-limited-edition\/#breadcrumb","itemListElement":[{"@type":"ListItem","position":1,"name":"Home","item":"https:\/\/mountdimension.com\/"},{"@type":"ListItem","position":2,"name":"Shop","item":"https:\/\/mountdimension.com\/shop\/"},{"@type":"ListItem","position":3,"name":"Packup Outdoor X STAY WORKS \u4f86\u8ca1 LT-01\uff5cDharma 38 Lamp \u00d7 Tumbler Base Limited Edition"}]},{"@type":"WebSite","@id":"https:\/\/mountdimension.com\/#website","url":"https:\/\/mountdimension.com\/","name":"MOUNT DIMENSION","description":"\/ EXPLORE WITH NEW DIMENSIONS \/","publisher":{"@id":"https:\/\/mountdimension.com\/#organization"},"potentialAction":[{"@type":"SearchAction","target":{"@type":"EntryPoint","urlTemplate":"https:\/\/mountdimension.com\/?s={search_term_string}"},"query-input":{"@type":"PropertyValueSpecification","valueRequired":true,"valueName":"search_term_string"}}],"inLanguage":"zh-HK"},{"@type":"Organization","@id":"https:\/\/mountdimension.com\/#organization","name":"Mount Dimension","url":"https:\/\/mountdimension.com\/","logo":{"@type":"ImageObject","inLanguage":"zh-HK","@id":"https:\/\/mountdimension.com\/#\/schema\/logo\/image\/","url":"https:\/\/mountdimension.com\/wp-content\/uploads\/2022\/06\/Mt-dimension-Logo_final-02-e1655327521195.jpg","contentUrl":"https:\/\/mountdimension.com\/wp-content\/uploads\/2022\/06\/Mt-dimension-Logo_final-02-e1655327521195.jpg","width":200,"height":151,"caption":"Mount Dimension"},"image":{"@id":"https:\/\/mountdimension.com\/#\/schema\/logo\/image\/"},"sameAs":["https:\/\/www.facebook.com\/Mount-Dimension-101610585417414","https:\/\/www.instagram.com\/mt.dimension\/"]}]}},"_links":{"self":[{"href":"https:\/\/mountdimension.com\/tc\/wp-json\/wp\/v2\/product\/32062","targetHints":{"allow":["GET"]}}],"collection":[{"href":"https:\/\/mountdimension.com\/tc\/wp-json\/wp\/v2\/product"}],"about":[{"href":"https:\/\/mountdimension.com\/tc\/wp-json\/wp\/v2\/types\/product"}],"version-history":[{"count":6,"href":"https:\/\/mountdimension.com\/tc\/wp-json\/wp\/v2\/product\/32062\/revisions"}],"predecessor-version":[{"id":32089,"href":"https:\/\/mountdimension.com\/tc\/wp-json\/wp\/v2\/product\/32062\/revisions\/32089"}],"wp:featuredmedia":[{"embeddable":true,"href":"https:\/\/mountdimension.com\/tc\/wp-json\/wp\/v2\/media\/32072"}],"wp:attachment":[{"href":"https:\/\/mountdimension.com\/tc\/wp-json\/wp\/v2\/media?parent=32062"}],"wp:term":[{"taxonomy":"product_brand","embeddable":true,"href":"https:\/\/mountdimension.com\/tc\/wp-json\/wp\/v2\/product_brand?post=32062"},{"taxonomy":"product_cat","embeddable":true,"href":"https:\/\/mountdimension.com\/tc\/wp-json\/wp\/v2\/product_cat?post=32062"},{"taxonomy":"product_tag","embeddable":true,"href":"https:\/\/mountdimension.com\/tc\/wp-json\/wp\/v2\/product_tag?post=32062"}],"curies":[{"name":"wp","href":"https:\/\/api.w.org\/{rel}","templated":true}]}}